{"id":77,"date":"2023-05-23T14:30:59","date_gmt":"2023-05-23T14:30:59","guid":{"rendered":"https:\/\/mirvapauliina.fi\/?page_id=77"},"modified":"2023-05-23T14:49:47","modified_gmt":"2023-05-23T14:49:47","slug":"kuvat","status":"publish","type":"page","link":"https:\/\/mirvapauliina.fi\/?page_id=77","title":{"rendered":"Kuvat"},"content":{"rendered":"\n<figure class=\"wp-block-gallery has-nested-images columns-2 is-cropped wp-block-gallery-1 is-layout-flex wp-block-gallery-is-layout-flex\">\n<figure class=\"wp-block-image size-medium\"><img loading=\"lazy\" decoding=\"async\" width=\"200\" height=\"300\" data-id=\"82\" src=\"https:\/\/mirvapauliina.fi\/wp-content\/uploads\/2023\/05\/1-1-200x300.webp\" alt=\"\" class=\"wp-image-82\" srcset=\"https:\/\/mirvapauliina.fi\/wp-content\/uploads\/2023\/05\/1-1-200x300.webp 200w, https:\/\/mirvapauliina.fi\/wp-content\/uploads\/2023\/05\/1-1.webp 683w\" sizes=\"auto, (max-width: 200px) 100vw, 200px\" \/><\/figure>\n\n\n\n<figure class=\"wp-block-image size-medium\"><img loading=\"lazy\" decoding=\"async\" width=\"200\" height=\"300\" data-id=\"85\" src=\"https:\/\/mirvapauliina.fi\/wp-content\/uploads\/2023\/05\/4-200x300.webp\" alt=\"\" class=\"wp-image-85\" srcset=\"https:\/\/mirvapauliina.fi\/wp-content\/uploads\/2023\/05\/4-200x300.webp 200w, https:\/\/mirvapauliina.fi\/wp-content\/uploads\/2023\/05\/4.webp 683w\" sizes=\"auto, (max-width: 200px) 100vw, 200px\" \/><\/figure>\n\n\n\n<figure class=\"wp-block-image size-medium\"><img loading=\"lazy\" decoding=\"async\" width=\"200\" height=\"300\" data-id=\"86\" src=\"https:\/\/mirvapauliina.fi\/wp-content\/uploads\/2023\/05\/3-1-200x300.webp\" alt=\"\" class=\"wp-image-86\" srcset=\"https:\/\/mirvapauliina.fi\/wp-content\/uploads\/2023\/05\/3-1-200x300.webp 200w, https:\/\/mirvapauliina.fi\/wp-content\/uploads\/2023\/05\/3-1.webp 683w\" sizes=\"auto, (max-width: 200px) 100vw, 200px\" \/><\/figure>\n\n\n\n<figure class=\"wp-block-image size-medium\"><img loading=\"lazy\" decoding=\"async\" width=\"200\" height=\"300\" data-id=\"81\" src=\"https:\/\/mirvapauliina.fi\/wp-content\/uploads\/2023\/05\/2-2-200x300.webp\" alt=\"\" class=\"wp-image-81\" srcset=\"https:\/\/mirvapauliina.fi\/wp-content\/uploads\/2023\/05\/2-2-200x300.webp 200w, https:\/\/mirvapauliina.fi\/wp-content\/uploads\/2023\/05\/2-2.webp 683w\" sizes=\"auto, (max-width: 200px) 100vw, 200px\" \/><\/figure>\n\n\n\n<figure class=\"wp-block-image size-medium\"><img loading=\"lazy\" decoding=\"async\" width=\"200\" height=\"300\" data-id=\"83\" src=\"https:\/\/mirvapauliina.fi\/wp-content\/uploads\/2023\/05\/6-200x300.webp\" alt=\"\" class=\"wp-image-83\" srcset=\"https:\/\/mirvapauliina.fi\/wp-content\/uploads\/2023\/05\/6-200x300.webp 200w, https:\/\/mirvapauliina.fi\/wp-content\/uploads\/2023\/05\/6.webp 683w\" sizes=\"auto, (max-width: 200px) 100vw, 200px\" \/><\/figure>\n\n\n\n<figure class=\"wp-block-image size-medium\"><img loading=\"lazy\" decoding=\"async\" width=\"300\" height=\"200\" data-id=\"84\" src=\"https:\/\/mirvapauliina.fi\/wp-content\/uploads\/2023\/05\/5-300x200.webp\" alt=\"\" class=\"wp-image-84\" srcset=\"https:\/\/mirvapauliina.fi\/wp-content\/uploads\/2023\/05\/5-300x200.webp 300w, https:\/\/mirvapauliina.fi\/wp-content\/uploads\/2023\/05\/5-768x512.webp 768w, https:\/\/mirvapauliina.fi\/wp-content\/uploads\/2023\/05\/5.webp 1024w\" sizes=\"auto, (max-width: 300px) 100vw, 300px\" \/><\/figure>\n<\/figure>\n\n\n\n<figure class=\"wp-block-gallery has-nested-images columns-2 is-cropped wp-block-gallery-2 is-layout-flex wp-block-gallery-is-layout-flex\">\n<figure class=\"wp-block-image size-large\"><img loading=\"lazy\" decoding=\"async\" width=\"683\" height=\"1024\" data-id=\"88\" src=\"https:\/\/mirvapauliina.fi\/wp-content\/uploads\/2023\/05\/img_4143-versio-1-1.webp\" alt=\"\" class=\"wp-image-88\" srcset=\"https:\/\/mirvapauliina.fi\/wp-content\/uploads\/2023\/05\/img_4143-versio-1-1.webp 683w, https:\/\/mirvapauliina.fi\/wp-content\/uploads\/2023\/05\/img_4143-versio-1-1-200x300.webp 200w\" sizes=\"auto, (max-width: 683px) 100vw, 683px\" \/><figcaption class=\"wp-element-caption\">Mallina toiminut Minna Kerokoski<\/figcaption><\/figure>\n\n\n\n<figure class=\"wp-block-image size-large\"><img loading=\"lazy\" decoding=\"async\" width=\"683\" height=\"1024\" data-id=\"87\" src=\"https:\/\/mirvapauliina.fi\/wp-content\/uploads\/2023\/05\/img_4148-versio.webp\" alt=\"\" class=\"wp-image-87\" srcset=\"https:\/\/mirvapauliina.fi\/wp-content\/uploads\/2023\/05\/img_4148-versio.webp 683w, https:\/\/mirvapauliina.fi\/wp-content\/uploads\/2023\/05\/img_4148-versio-200x300.webp 200w\" sizes=\"auto, (max-width: 683px) 100vw, 683px\" \/><figcaption class=\"wp-element-caption\">Mallina toiminut Minna Kerokoski<\/figcaption><\/figure>\n\n\n\n<figure class=\"wp-block-image size-large\"><img loading=\"lazy\" decoding=\"async\" width=\"683\" height=\"1024\" data-id=\"89\" src=\"https:\/\/mirvapauliina.fi\/wp-content\/uploads\/2023\/05\/img_4132-versio-2-lopullinen.webp\" alt=\"\" class=\"wp-image-89\" srcset=\"https:\/\/mirvapauliina.fi\/wp-content\/uploads\/2023\/05\/img_4132-versio-2-lopullinen.webp 683w, https:\/\/mirvapauliina.fi\/wp-content\/uploads\/2023\/05\/img_4132-versio-2-lopullinen-200x300.webp 200w\" sizes=\"auto, (max-width: 683px) 100vw, 683px\" \/><figcaption class=\"wp-element-caption\">Mallina toiminut Minna Kerokoski<\/figcaption><\/figure>\n<\/figure>\n\n\n\n<figure class=\"wp-block-gallery has-nested-images columns-2 is-cropped wp-block-gallery-3 is-layout-flex wp-block-gallery-is-layout-flex\">\n<figure class=\"wp-block-image size-medium\"><img loading=\"lazy\" decoding=\"async\" width=\"300\" height=\"200\" data-id=\"93\" src=\"https:\/\/mirvapauliina.fi\/wp-content\/uploads\/2023\/05\/img_3031-muokattu-1-300x200.webp\" alt=\"\" class=\"wp-image-93\" srcset=\"https:\/\/mirvapauliina.fi\/wp-content\/uploads\/2023\/05\/img_3031-muokattu-1-300x200.webp 300w, https:\/\/mirvapauliina.fi\/wp-content\/uploads\/2023\/05\/img_3031-muokattu-1-768x512.webp 768w, https:\/\/mirvapauliina.fi\/wp-content\/uploads\/2023\/05\/img_3031-muokattu-1.webp 1024w\" sizes=\"auto, (max-width: 300px) 100vw, 300px\" \/><\/figure>\n\n\n\n<figure class=\"wp-block-image size-medium\"><img loading=\"lazy\" decoding=\"async\" width=\"300\" height=\"200\" data-id=\"91\" src=\"https:\/\/mirvapauliina.fi\/wp-content\/uploads\/2023\/05\/muokattu-2-300x200.webp\" alt=\"\" class=\"wp-image-91\" srcset=\"https:\/\/mirvapauliina.fi\/wp-content\/uploads\/2023\/05\/muokattu-2-300x200.webp 300w, https:\/\/mirvapauliina.fi\/wp-content\/uploads\/2023\/05\/muokattu-2-768x512.webp 768w, https:\/\/mirvapauliina.fi\/wp-content\/uploads\/2023\/05\/muokattu-2.webp 1024w\" sizes=\"auto, (max-width: 300px) 100vw, 300px\" \/><\/figure>\n\n\n\n<figure class=\"wp-block-image size-medium\"><img loading=\"lazy\" decoding=\"async\" width=\"300\" height=\"200\" data-id=\"97\" src=\"https:\/\/mirvapauliina.fi\/wp-content\/uploads\/2023\/05\/img_3507-muokattu-1-300x200.webp\" alt=\"\" class=\"wp-image-97\" srcset=\"https:\/\/mirvapauliina.fi\/wp-content\/uploads\/2023\/05\/img_3507-muokattu-1-300x200.webp 300w, https:\/\/mirvapauliina.fi\/wp-content\/uploads\/2023\/05\/img_3507-muokattu-1-768x512.webp 768w, https:\/\/mirvapauliina.fi\/wp-content\/uploads\/2023\/05\/img_3507-muokattu-1.webp 1024w\" sizes=\"auto, (max-width: 300px) 100vw, 300px\" \/><\/figure>\n\n\n\n<figure class=\"wp-block-image size-medium\"><img loading=\"lazy\" decoding=\"async\" width=\"300\" height=\"200\" data-id=\"96\" src=\"https:\/\/mirvapauliina.fi\/wp-content\/uploads\/2023\/05\/img_3509-2-300x200.webp\" alt=\"\" class=\"wp-image-96\" srcset=\"https:\/\/mirvapauliina.fi\/wp-content\/uploads\/2023\/05\/img_3509-2-300x200.webp 300w, https:\/\/mirvapauliina.fi\/wp-content\/uploads\/2023\/05\/img_3509-2-768x512.webp 768w, https:\/\/mirvapauliina.fi\/wp-content\/uploads\/2023\/05\/img_3509-2.webp 1024w\" sizes=\"auto, (max-width: 300px) 100vw, 300px\" \/><\/figure>\n\n\n\n<figure class=\"wp-block-image size-medium\"><img loading=\"lazy\" decoding=\"async\" width=\"300\" height=\"200\" data-id=\"90\" src=\"https:\/\/mirvapauliina.fi\/wp-content\/uploads\/2023\/05\/img_0039-muokattu-2-300x200.webp\" alt=\"\" class=\"wp-image-90\" srcset=\"https:\/\/mirvapauliina.fi\/wp-content\/uploads\/2023\/05\/img_0039-muokattu-2-300x200.webp 300w, https:\/\/mirvapauliina.fi\/wp-content\/uploads\/2023\/05\/img_0039-muokattu-2-768x512.webp 768w, https:\/\/mirvapauliina.fi\/wp-content\/uploads\/2023\/05\/img_0039-muokattu-2.webp 1024w\" sizes=\"auto, (max-width: 300px) 100vw, 300px\" \/><\/figure>\n\n\n\n<figure class=\"wp-block-image size-medium\"><img loading=\"lazy\" decoding=\"async\" width=\"300\" height=\"200\" data-id=\"95\" src=\"https:\/\/mirvapauliina.fi\/wp-content\/uploads\/2023\/05\/img_0860-2-300x200.webp\" alt=\"\" class=\"wp-image-95\" srcset=\"https:\/\/mirvapauliina.fi\/wp-content\/uploads\/2023\/05\/img_0860-2-300x200.webp 300w, https:\/\/mirvapauliina.fi\/wp-content\/uploads\/2023\/05\/img_0860-2-768x512.webp 768w, https:\/\/mirvapauliina.fi\/wp-content\/uploads\/2023\/05\/img_0860-2.webp 1024w\" sizes=\"auto, (max-width: 300px) 100vw, 300px\" \/><\/figure>\n\n\n\n<figure class=\"wp-block-image size-medium\"><img loading=\"lazy\" decoding=\"async\" width=\"300\" height=\"225\" data-id=\"92\" src=\"https:\/\/mirvapauliina.fi\/wp-content\/uploads\/2023\/05\/koli-muokattu-2-300x225.webp\" alt=\"\" class=\"wp-image-92\" srcset=\"https:\/\/mirvapauliina.fi\/wp-content\/uploads\/2023\/05\/koli-muokattu-2-300x225.webp 300w, https:\/\/mirvapauliina.fi\/wp-content\/uploads\/2023\/05\/koli-muokattu-2-768x575.webp 768w, https:\/\/mirvapauliina.fi\/wp-content\/uploads\/2023\/05\/koli-muokattu-2.webp 1024w\" sizes=\"auto, (max-width: 300px) 100vw, 300px\" \/><figcaption class=\"wp-element-caption\">T\u00e4h\u00e4n tulee aina jotenkin tuo kameran merkki n\u00e4kyviin \ud83d\ude00<\/figcaption><\/figure>\n\n\n\n<figure class=\"wp-block-image size-medium\"><img loading=\"lazy\" decoding=\"async\" width=\"300\" height=\"200\" data-id=\"94\" src=\"https:\/\/mirvapauliina.fi\/wp-content\/uploads\/2023\/05\/img_2064-2-300x200.webp\" alt=\"\" class=\"wp-image-94\" srcset=\"https:\/\/mirvapauliina.fi\/wp-content\/uploads\/2023\/05\/img_2064-2-300x200.webp 300w, https:\/\/mirvapauliina.fi\/wp-content\/uploads\/2023\/05\/img_2064-2-768x512.webp 768w, https:\/\/mirvapauliina.fi\/wp-content\/uploads\/2023\/05\/img_2064-2.webp 1024w\" sizes=\"auto, (max-width: 300px) 100vw, 300px\" \/><\/figure>\n<\/figure>\n","protected":false},"excerpt":{"rendered":"","protected":false},"author":1,"featured_media":0,"parent":0,"menu_order":0,"comment_status":"closed","ping_status":"closed","template":"","meta":{"footnotes":""},"class_list":["post-77","page","type-page","status-publish","hentry"],"jetpack_sharing_enabled":true,"_links":{"self":[{"href":"https:\/\/mirvapauliina.fi\/index.php?rest_route=\/wp\/v2\/pages\/77","targetHints":{"allow":["GET"]}}],"collection":[{"href":"https:\/\/mirvapauliina.fi\/index.php?rest_route=\/wp\/v2\/pages"}],"about":[{"href":"https:\/\/mirvapauliina.fi\/index.php?rest_route=\/wp\/v2\/types\/page"}],"author":[{"embeddable":true,"href":"https:\/\/mirvapauliina.fi\/index.php?rest_route=\/wp\/v2\/users\/1"}],"replies":[{"embeddable":true,"href":"https:\/\/mirvapauliina.fi\/index.php?rest_route=%2Fwp%2Fv2%2Fcomments&post=77"}],"version-history":[{"count":4,"href":"https:\/\/mirvapauliina.fi\/index.php?rest_route=\/wp\/v2\/pages\/77\/revisions"}],"predecessor-version":[{"id":101,"href":"https:\/\/mirvapauliina.fi\/index.php?rest_route=\/wp\/v2\/pages\/77\/revisions\/101"}],"wp:attachment":[{"href":"https:\/\/mirvapauliina.fi\/index.php?rest_route=%2Fwp%2Fv2%2Fmedia&parent=77"}],"curies":[{"name":"wp","href":"https:\/\/api.w.org\/{rel}","templated":true}]}}